{"id":7,"date":"2022-01-13T14:55:16","date_gmt":"2022-01-13T17:55:16","guid":{"rendered":"http:\/\/dalmotransportes.com.br\/?page_id=7"},"modified":"2023-11-29T10:00:01","modified_gmt":"2023-11-29T13:00:01","slug":"em-breve","status":"publish","type":"page","link":"https:\/\/dalmotransportes.com.br\/","title":{"rendered":"Em breve"},"content":{"rendered":"[vc_row type=&#8221;full_width_background&#8221; full_screen_row_position=&#8221;middle&#8221; column_margin=&#8221;default&#8221; column_direction=&#8221;default&#8221; column_direction_tablet=&#8221;default&#8221; column_direction_phone=&#8221;default&#8221; bg_color=&#8221;#0a0a0a&#8221; bg_image=&#8221;18&#8243; bg_position=&#8221;left top&#8221; background_image_loading=&#8221;default&#8221; bg_repeat=&#8221;no-repeat&#8221; full_height=&#8221;yes&#8221; scene_position=&#8221;center&#8221; top_padding=&#8221;0&#8243; constrain_group_1=&#8221;yes&#8221; bottom_padding=&#8221;0&#8243; top_margin=&#8221;0&#8243; constrain_group_7=&#8221;yes&#8221; bottom_margin=&#8221;0&#8243; left_margin=&#8221;0&#8243; constrain_group_8=&#8221;yes&#8221; right_margin=&#8221;0&#8243; text_color=&#8221;dark&#8221; text_align=&#8221;center&#8221; row_border_radius=&#8221;none&#8221; row_border_radius_applies=&#8221;bg&#8221; overflow=&#8221;visible&#8221; advanced_gradient_angle=&#8221;0&#8243; overlay_strength=&#8221;0.3&#8243; gradient_direction=&#8221;left_to_right&#8221; shape_divider_position=&#8221;bottom&#8221; bg_image_animation=&#8221;none&#8221; gradient_type=&#8221;default&#8221; shape_type=&#8221;&#8221;][vc_column column_padding=&#8221;no-extra-padding&#8221; column_padding_tablet=&#8221;inherit&#8221; column_padding_phone=&#8221;inherit&#8221; column_padding_position=&#8221;all&#8221; column_element_spacing=&#8221;default&#8221; background_color_opacity=&#8221;1&#8243; background_hover_color_opacity=&#8221;1&#8243; column_shadow=&#8221;none&#8221; column_border_radius=&#8221;none&#8221; column_link_target=&#8221;_self&#8221; column_position=&#8221;default&#8221; advanced_gradient_angle=&#8221;0&#8243; gradient_direction=&#8221;left_to_right&#8221; overlay_strength=&#8221;0.3&#8243; width=&#8221;1\/12&#8243; tablet_width_inherit=&#8221;default&#8221; tablet_text_alignment=&#8221;default&#8221; phone_text_alignment=&#8221;default&#8221; animation_type=&#8221;default&#8221; bg_image_animation=&#8221;none&#8221; border_type=&#8221;simple&#8221; column_border_width=&#8221;none&#8221; column_border_style=&#8221;solid&#8221; gradient_type=&#8221;default&#8221;][\/vc_column][vc_column column_padding=&#8221;no-extra-padding&#8221; column_padding_tablet=&#8221;inherit&#8221; column_padding_phone=&#8221;inherit&#8221; column_padding_position=&#8221;all&#8221; column_element_spacing=&#8221;default&#8221; background_color_opacity=&#8221;1&#8243; background_hover_color_opacity=&#8221;1&#8243; column_shadow=&#8221;none&#8221; column_border_radius=&#8221;none&#8221; column_link_target=&#8221;_self&#8221; column_position=&#8221;default&#8221; advanced_gradient_angle=&#8221;0&#8243; gradient_direction=&#8221;left_to_right&#8221; overlay_strength=&#8221;0.3&#8243; width=&#8221;5\/6&#8243; tablet_width_inherit=&#8221;default&#8221; tablet_text_alignment=&#8221;default&#8221; phone_text_alignment=&#8221;default&#8221; animation_type=&#8221;default&#8221; bg_image_animation=&#8221;none&#8221; border_type=&#8221;simple&#8221; column_border_width=&#8221;none&#8221; column_border_style=&#8221;solid&#8221; gradient_type=&#8221;default&#8221;][image_with_animation image_url=&#8221;16&#8243; image_size=&#8221;full&#8221; animation_type=&#8221;entrance&#8221; animation=&#8221;None&#8221; hover_animation=&#8221;none&#8221; alignment=&#8221;center&#8221; border_radius=&#8221;none&#8221; box_shadow=&#8221;none&#8221; image_loading=&#8221;default&#8221; max_width=&#8221;100%&#8221; max_width_mobile=&#8221;default&#8221; el_class=&#8221;mb-60&#8243;][divider line_type=&#8221;No Line&#8221; custom_height=&#8221;1&#8243; custom_height_tablet=&#8221;20&#8243; custom_height_phone=&#8221;20&#8243;][vc_row_inner column_margin=&#8221;default&#8221; column_direction=&#8221;default&#8221; column_direction_tablet=&#8221;default&#8221; column_direction_phone=&#8221;default&#8221; text_align=&#8221;left&#8221; row_position=&#8221;default&#8221; row_position_tablet=&#8221;inherit&#8221; row_position_phone=&#8221;inherit&#8221; overflow=&#8221;visible&#8221; pointer_events=&#8221;all&#8221;][vc_column_inner column_padding=&#8221;no-extra-padding&#8221; column_padding_tablet=&#8221;inherit&#8221; column_padding_phone=&#8221;inherit&#8221; column_padding_position=&#8221;all&#8221; column_element_spacing=&#8221;default&#8221; background_color_opacity=&#8221;1&#8243; background_hover_color_opacity=&#8221;1&#8243; column_shadow=&#8221;none&#8221; column_border_radius=&#8221;none&#8221; column_link_target=&#8221;_blank&#8221; advanced_gradient_angle=&#8221;0&#8243; gradient_direction=&#8221;left_to_right&#8221; overlay_strength=&#8221;0.3&#8243; width=&#8221;1\/2&#8243; tablet_width_inherit=&#8221;default&#8221; animation_type=&#8221;default&#8221; bg_image_animation=&#8221;none&#8221; border_type=&#8221;simple&#8221; column_border_width=&#8221;none&#8221; column_border_style=&#8221;solid&#8221; column_link=&#8221;https:\/\/maps.app.goo.gl\/CnZt1yH9jrAhrpcj8&#8243; gradient_type=&#8221;default&#8221;][split_line_heading animation_type=&#8221;line-reveal-by-space&#8221; font_style=&#8221;h4&#8243; text_color=&#8221;#ffffff&#8221; line_reveal_by_space_text_effect=&#8221;default&#8221; content_alignment=&#8221;default&#8221; mobile_content_alignment=&#8221;inherit&#8221; link_target=&#8221;_self&#8221; text_content=&#8221;Joinville &#8211; SC&#8221; animation_delay=&#8221;300&#8243; font_size=&#8221;33&#8243; animation_offset=&#8221;1200&#8243;][\/split_line_heading][split_line_heading animation_type=&#8221;line-reveal-by-space&#8221; font_style=&#8221;p&#8221; text_color=&#8221;#ffffff&#8221; line_reveal_by_space_text_effect=&#8221;default&#8221; content_alignment=&#8221;default&#8221; mobile_content_alignment=&#8221;inherit&#8221; link_target=&#8221;_self&#8221; text_content=&#8221;J\u00falio Stolf, 72, Vila Nova, CEP 89237-600&#8243; font_size=&#8221;23&#8243; animation_delay=&#8221;300&#8243; font_line_height=&#8221;23px&#8221;][\/split_line_heading][divider line_type=&#8221;No Line&#8221; custom_height=&#8221;20&#8243;][split_line_heading animation_type=&#8221;line-reveal-by-space&#8221; font_style=&#8221;h4&#8243; text_color=&#8221;#ffffff&#8221; line_reveal_by_space_text_effect=&#8221;default&#8221; content_alignment=&#8221;default&#8221; mobile_content_alignment=&#8221;inherit&#8221; link_target=&#8221;_self&#8221; text_content=&#8221;47 3027-7034&#8243; animation_delay=&#8221;300&#8243; font_size=&#8221;33&#8243; animation_offset=&#8221;1200&#8243;][\/split_line_heading][\/vc_column_inner][vc_column_inner column_padding=&#8221;no-extra-padding&#8221; column_padding_tablet=&#8221;inherit&#8221; column_padding_phone=&#8221;inherit&#8221; column_padding_position=&#8221;all&#8221; column_element_spacing=&#8221;default&#8221; background_color_opacity=&#8221;1&#8243; background_hover_color_opacity=&#8221;1&#8243; column_shadow=&#8221;none&#8221; column_border_radius=&#8221;none&#8221; column_link_target=&#8221;_blank&#8221; advanced_gradient_angle=&#8221;0&#8243; gradient_direction=&#8221;left_to_right&#8221; overlay_strength=&#8221;0.3&#8243; width=&#8221;1\/2&#8243; tablet_width_inherit=&#8221;default&#8221; animation_type=&#8221;default&#8221; bg_image_animation=&#8221;none&#8221; border_type=&#8221;simple&#8221; column_border_width=&#8221;none&#8221; column_border_style=&#8221;solid&#8221; column_link=&#8221;https:\/\/maps.app.goo.gl\/iE6nhvLDxYdD8xEe8&#8243; gradient_type=&#8221;default&#8221;][split_line_heading animation_type=&#8221;line-reveal-by-space&#8221; font_style=&#8221;h4&#8243; text_color=&#8221;#ffffff&#8221; line_reveal_by_space_text_effect=&#8221;default&#8221; content_alignment=&#8221;default&#8221; mobile_content_alignment=&#8221;inherit&#8221; link_target=&#8221;_self&#8221; text_content=&#8221;Aparecida de Goi\u00e2nia &#8211; GO&#8221; animation_delay=&#8221;300&#8243; font_size=&#8221;33&#8243; animation_offset=&#8221;1200&#8243;][\/split_line_heading][split_line_heading animation_type=&#8221;line-reveal-by-space&#8221; font_style=&#8221;p&#8221; text_color=&#8221;#ffffff&#8221; line_reveal_by_space_text_effect=&#8221;default&#8221; content_alignment=&#8221;default&#8221; mobile_content_alignment=&#8221;inherit&#8221; link_target=&#8221;_self&#8221; text_content=&#8221;R. Jo\u00e3o Teixeira \u00c1lvares J\u00fanior, Quadra 09 &#8211; Lote 01 &#8211; Rosa dos Ventos, CEP 74989-330&#8243; font_size=&#8221;23&#8243; animation_delay=&#8221;300&#8243; font_line_height=&#8221;23px&#8221;][\/split_line_heading][divider line_type=&#8221;No Line&#8221; custom_height=&#8221;20&#8243;][split_line_heading animation_type=&#8221;line-reveal-by-space&#8221; font_style=&#8221;h4&#8243; text_color=&#8221;#ffffff&#8221; line_reveal_by_space_text_effect=&#8221;default&#8221; content_alignment=&#8221;default&#8221; mobile_content_alignment=&#8221;inherit&#8221; link_target=&#8221;_self&#8221; text_content=&#8221;47 99911-1221&#8243; animation_delay=&#8221;300&#8243; font_size=&#8221;33&#8243; animation_offset=&#8221;1200&#8243;][\/split_line_heading][\/vc_column_inner][\/vc_row_inner][vc_raw_js]JTNDc3R5bGUlM0UlMEEud3BiX3dyYXBwZXIlM0VkaXYlMjAlN0IlMEElMjAlMjAlMjAlMjBtYXJnaW4tYm90dG9tJTNBJTIwMCUyMWltcG9ydGFudCUzQiUwQSU3RCUwQS5tYi02MCUyMCU3QiUwQW1hcmdpbi1ib3R0b20lM0EtNjBweCUyMCUyMWltcG9ydGFudCUzQiUwQSU3RCUwQSUzQyUyRnN0eWxlJTNF[\/vc_raw_js][\/vc_column][\/vc_row]\n","protected":false},"excerpt":{"rendered":"<p>[vc_row type=&#8221;full_width_background&#8221; full_screen_row_position=&#8221;middle&#8221; column_margin=&#8221;default&#8221; column_direction=&#8221;default&#8221; column_direction_tablet=&#8221;default&#8221; column_direction_phone=&#8221;default&#8221; bg_color=&#8221;#0a0a0a&#8221; bg_image=&#8221;18&#8243; bg_position=&#8221;left top&#8221; background_image_loading=&#8221;default&#8221; bg_repeat=&#8221;no-repeat&#8221; full_height=&#8221;yes&#8221; scene_position=&#8221;center&#8221; top_padding=&#8221;0&#8243; constrain_group_1=&#8221;yes&#8221; bottom_padding=&#8221;0&#8243; top_margin=&#8221;0&#8243; constrain_group_7=&#8221;yes&#8221; bottom_margin=&#8221;0&#8243; left_margin=&#8221;0&#8243; constrain_group_8=&#8221;yes&#8221; right_margin=&#8221;0&#8243; text_color=&#8221;dark&#8221; text_align=&#8221;center&#8221; row_border_radius=&#8221;none&#8221; row_border_radius_applies=&#8221;bg&#8221; overflow=&#8221;visible&#8221; advanced_gradient_angle=&#8221;0&#8243;&#8230;<\/p>\n","protected":false},"author":1,"featured_media":33,"parent":0,"menu_order":0,"comment_status":"closed","ping_status":"closed","template":"template-no-header-footer.php","meta":{"footnotes":""},"class_list":["post-7","page","type-page","status-publish","has-post-thumbnail"],"yoast_head":"<!-- This site is optimized with the Yoast SEO plugin v27.1.1 - https:\/\/yoast.com\/product\/yoast-seo-wordpress\/ -->\n<title>Dalmo Transportes Rodovi\u00e1rios<\/title>\n<meta name=\"description\" content=\"Somos especializados em transporte rodovi\u00e1rio. Trabalhe com confian\u00e7a em transportes de cargas no norte de Santa Catarina para todo o Brasil.\" \/>\n<meta name=\"robots\" content=\"index, follow, max-snippet:-1, max-image-preview:large, max-video-preview:-1\" \/>\n<link rel=\"canonical\" href=\"https:\/\/dalmotransportes.com.br\/\" \/>\n<meta property=\"og:locale\" content=\"pt_BR\" \/>\n<meta property=\"og:type\" content=\"article\" \/>\n<meta property=\"og:title\" content=\"Dalmo Transportes Rodovi\u00e1rios\" \/>\n<meta property=\"og:description\" content=\"Somos especializados em transporte rodovi\u00e1rio. Trabalhe com confian\u00e7a em transportes de cargas no norte de Santa Catarina para todo o Brasil.\" \/>\n<meta property=\"og:url\" content=\"https:\/\/dalmotransportes.com.br\/\" \/>\n<meta property=\"og:site_name\" content=\"Dalmo Transportes Rodovi\u00e1rios\" \/>\n<meta property=\"article:modified_time\" content=\"2023-11-29T13:00:01+00:00\" \/>\n<meta property=\"og:image\" content=\"https:\/\/dalmotransportes.com.br\/wp-content\/uploads\/2022\/01\/cropped-dalmo-transportes-n.png\" \/>\n\t<meta property=\"og:image:width\" content=\"512\" \/>\n\t<meta property=\"og:image:height\" content=\"512\" \/>\n\t<meta property=\"og:image:type\" content=\"image\/png\" \/>\n<meta name=\"twitter:card\" content=\"summary_large_image\" \/>\n<meta name=\"twitter:label1\" content=\"Est. tempo de leitura\" \/>\n\t<meta name=\"twitter:data1\" content=\"2 minutos\" \/>\n<script type=\"application\/ld+json\" class=\"yoast-schema-graph\">{\"@context\":\"https:\/\/schema.org\",\"@graph\":[{\"@type\":\"WebPage\",\"@id\":\"https:\/\/dalmotransportes.com.br\/\",\"url\":\"https:\/\/dalmotransportes.com.br\/\",\"name\":\"Dalmo Transportes Rodovi\u00e1rios\",\"isPartOf\":{\"@id\":\"https:\/\/dalmotransportes.com.br\/#website\"},\"primaryImageOfPage\":{\"@id\":\"https:\/\/dalmotransportes.com.br\/#primaryimage\"},\"image\":{\"@id\":\"https:\/\/dalmotransportes.com.br\/#primaryimage\"},\"thumbnailUrl\":\"https:\/\/dalmotransportes.com.br\/wp-content\/uploads\/2022\/01\/cropped-dalmo-transportes-n.png\",\"datePublished\":\"2022-01-13T17:55:16+00:00\",\"dateModified\":\"2023-11-29T13:00:01+00:00\",\"description\":\"Somos especializados em transporte rodovi\u00e1rio. Trabalhe com confian\u00e7a em transportes de cargas no norte de Santa Catarina para todo o Brasil.\",\"breadcrumb\":{\"@id\":\"https:\/\/dalmotransportes.com.br\/#breadcrumb\"},\"inLanguage\":\"pt-BR\",\"potentialAction\":[{\"@type\":\"ReadAction\",\"target\":[\"https:\/\/dalmotransportes.com.br\/\"]}]},{\"@type\":\"ImageObject\",\"inLanguage\":\"pt-BR\",\"@id\":\"https:\/\/dalmotransportes.com.br\/#primaryimage\",\"url\":\"https:\/\/dalmotransportes.com.br\/wp-content\/uploads\/2022\/01\/cropped-dalmo-transportes-n.png\",\"contentUrl\":\"https:\/\/dalmotransportes.com.br\/wp-content\/uploads\/2022\/01\/cropped-dalmo-transportes-n.png\",\"width\":512,\"height\":512},{\"@type\":\"BreadcrumbList\",\"@id\":\"https:\/\/dalmotransportes.com.br\/#breadcrumb\",\"itemListElement\":[{\"@type\":\"ListItem\",\"position\":1,\"name\":\"In\u00edcio\",\"item\":\"https:\/\/dalmotransportes.com.br\/\"},{\"@type\":\"ListItem\",\"position\":2,\"name\":\"Em breve\"}]},{\"@type\":\"WebSite\",\"@id\":\"https:\/\/dalmotransportes.com.br\/#website\",\"url\":\"https:\/\/dalmotransportes.com.br\/\",\"name\":\"Dalmo Transportes Rodovi\u00e1rios\",\"description\":\"Solu\u00e7\u00f5es em log\u00edstica em S\u00e3o Francisco do Sul\",\"publisher\":{\"@id\":\"https:\/\/dalmotransportes.com.br\/#organization\"},\"potentialAction\":[{\"@type\":\"SearchAction\",\"target\":{\"@type\":\"EntryPoint\",\"urlTemplate\":\"https:\/\/dalmotransportes.com.br\/?s={search_term_string}\"},\"query-input\":{\"@type\":\"PropertyValueSpecification\",\"valueRequired\":true,\"valueName\":\"search_term_string\"}}],\"inLanguage\":\"pt-BR\"},{\"@type\":\"Organization\",\"@id\":\"https:\/\/dalmotransportes.com.br\/#organization\",\"name\":\"Dalmo Transportes e Cargas\",\"url\":\"https:\/\/dalmotransportes.com.br\/\",\"logo\":{\"@type\":\"ImageObject\",\"inLanguage\":\"pt-BR\",\"@id\":\"https:\/\/dalmotransportes.com.br\/#\/schema\/logo\/image\/\",\"url\":\"https:\/\/dalmotransportes.com.br\/wp-content\/uploads\/2022\/01\/dalmo-transportes-n.png\",\"contentUrl\":\"https:\/\/dalmotransportes.com.br\/wp-content\/uploads\/2022\/01\/dalmo-transportes-n.png\",\"width\":1000,\"height\":1000,\"caption\":\"Dalmo Transportes e Cargas\"},\"image\":{\"@id\":\"https:\/\/dalmotransportes.com.br\/#\/schema\/logo\/image\/\"}}]}<\/script>\n<!-- \/ Yoast SEO plugin. -->","yoast_head_json":{"title":"Dalmo Transportes Rodovi\u00e1rios","description":"Somos especializados em transporte rodovi\u00e1rio. Trabalhe com confian\u00e7a em transportes de cargas no norte de Santa Catarina para todo o Brasil.","robots":{"index":"index","follow":"follow","max-snippet":"max-snippet:-1","max-image-preview":"max-image-preview:large","max-video-preview":"max-video-preview:-1"},"canonical":"https:\/\/dalmotransportes.com.br\/","og_locale":"pt_BR","og_type":"article","og_title":"Dalmo Transportes Rodovi\u00e1rios","og_description":"Somos especializados em transporte rodovi\u00e1rio. Trabalhe com confian\u00e7a em transportes de cargas no norte de Santa Catarina para todo o Brasil.","og_url":"https:\/\/dalmotransportes.com.br\/","og_site_name":"Dalmo Transportes Rodovi\u00e1rios","article_modified_time":"2023-11-29T13:00:01+00:00","og_image":[{"width":512,"height":512,"url":"https:\/\/dalmotransportes.com.br\/wp-content\/uploads\/2022\/01\/cropped-dalmo-transportes-n.png","type":"image\/png"}],"twitter_card":"summary_large_image","twitter_misc":{"Est. tempo de leitura":"2 minutos"},"schema":{"@context":"https:\/\/schema.org","@graph":[{"@type":"WebPage","@id":"https:\/\/dalmotransportes.com.br\/","url":"https:\/\/dalmotransportes.com.br\/","name":"Dalmo Transportes Rodovi\u00e1rios","isPartOf":{"@id":"https:\/\/dalmotransportes.com.br\/#website"},"primaryImageOfPage":{"@id":"https:\/\/dalmotransportes.com.br\/#primaryimage"},"image":{"@id":"https:\/\/dalmotransportes.com.br\/#primaryimage"},"thumbnailUrl":"https:\/\/dalmotransportes.com.br\/wp-content\/uploads\/2022\/01\/cropped-dalmo-transportes-n.png","datePublished":"2022-01-13T17:55:16+00:00","dateModified":"2023-11-29T13:00:01+00:00","description":"Somos especializados em transporte rodovi\u00e1rio. Trabalhe com confian\u00e7a em transportes de cargas no norte de Santa Catarina para todo o Brasil.","breadcrumb":{"@id":"https:\/\/dalmotransportes.com.br\/#breadcrumb"},"inLanguage":"pt-BR","potentialAction":[{"@type":"ReadAction","target":["https:\/\/dalmotransportes.com.br\/"]}]},{"@type":"ImageObject","inLanguage":"pt-BR","@id":"https:\/\/dalmotransportes.com.br\/#primaryimage","url":"https:\/\/dalmotransportes.com.br\/wp-content\/uploads\/2022\/01\/cropped-dalmo-transportes-n.png","contentUrl":"https:\/\/dalmotransportes.com.br\/wp-content\/uploads\/2022\/01\/cropped-dalmo-transportes-n.png","width":512,"height":512},{"@type":"BreadcrumbList","@id":"https:\/\/dalmotransportes.com.br\/#breadcrumb","itemListElement":[{"@type":"ListItem","position":1,"name":"In\u00edcio","item":"https:\/\/dalmotransportes.com.br\/"},{"@type":"ListItem","position":2,"name":"Em breve"}]},{"@type":"WebSite","@id":"https:\/\/dalmotransportes.com.br\/#website","url":"https:\/\/dalmotransportes.com.br\/","name":"Dalmo Transportes Rodovi\u00e1rios","description":"Solu\u00e7\u00f5es em log\u00edstica em S\u00e3o Francisco do Sul","publisher":{"@id":"https:\/\/dalmotransportes.com.br\/#organization"},"potentialAction":[{"@type":"SearchAction","target":{"@type":"EntryPoint","urlTemplate":"https:\/\/dalmotransportes.com.br\/?s={search_term_string}"},"query-input":{"@type":"PropertyValueSpecification","valueRequired":true,"valueName":"search_term_string"}}],"inLanguage":"pt-BR"},{"@type":"Organization","@id":"https:\/\/dalmotransportes.com.br\/#organization","name":"Dalmo Transportes e Cargas","url":"https:\/\/dalmotransportes.com.br\/","logo":{"@type":"ImageObject","inLanguage":"pt-BR","@id":"https:\/\/dalmotransportes.com.br\/#\/schema\/logo\/image\/","url":"https:\/\/dalmotransportes.com.br\/wp-content\/uploads\/2022\/01\/dalmo-transportes-n.png","contentUrl":"https:\/\/dalmotransportes.com.br\/wp-content\/uploads\/2022\/01\/dalmo-transportes-n.png","width":1000,"height":1000,"caption":"Dalmo Transportes e Cargas"},"image":{"@id":"https:\/\/dalmotransportes.com.br\/#\/schema\/logo\/image\/"}}]}},"_links":{"self":[{"href":"https:\/\/dalmotransportes.com.br\/index.php?rest_route=\/wp\/v2\/pages\/7","targetHints":{"allow":["GET"]}}],"collection":[{"href":"https:\/\/dalmotransportes.com.br\/index.php?rest_route=\/wp\/v2\/pages"}],"about":[{"href":"https:\/\/dalmotransportes.com.br\/index.php?rest_route=\/wp\/v2\/types\/page"}],"author":[{"embeddable":true,"href":"https:\/\/dalmotransportes.com.br\/index.php?rest_route=\/wp\/v2\/users\/1"}],"replies":[{"embeddable":true,"href":"https:\/\/dalmotransportes.com.br\/index.php?rest_route=%2Fwp%2Fv2%2Fcomments&post=7"}],"version-history":[{"count":8,"href":"https:\/\/dalmotransportes.com.br\/index.php?rest_route=\/wp\/v2\/pages\/7\/revisions"}],"predecessor-version":[{"id":45,"href":"https:\/\/dalmotransportes.com.br\/index.php?rest_route=\/wp\/v2\/pages\/7\/revisions\/45"}],"wp:featuredmedia":[{"embeddable":true,"href":"https:\/\/dalmotransportes.com.br\/index.php?rest_route=\/wp\/v2\/media\/33"}],"wp:attachment":[{"href":"https:\/\/dalmotransportes.com.br\/index.php?rest_route=%2Fwp%2Fv2%2Fmedia&parent=7"}],"curies":[{"name":"wp","href":"https:\/\/api.w.org\/{rel}","templated":true}]}}